{"id":2,"date":"2019-03-01T17:30:46","date_gmt":"2019-03-01T16:30:46","guid":{"rendered":"https:\/\/www.db0old.de\/cms\/?page_id=2"},"modified":"2022-09-04T01:27:29","modified_gmt":"2022-09-03T23:27:29","slug":"startseite","status":"publish","type":"page","link":"https:\/\/www.db0old.de\/cms\/","title":{"rendered":"Startseite"},"content":{"rendered":"<p><strong>DB0OLD steht f\u00fcr analoge und digitale (C4FM) Relais in Oldenburg !<\/strong><\/p>\n<p>Ein kurzer \u00dcberblick zur Geschichte<\/p>\n<p>Im September 2015 gr\u00fcndet DL9BCO (Thorsten) und DO4BR (Rainer) das Arbeitsprojekt C4FM (Digitaler Betriebsart) im OV I-11\u00a0Oldenburg.<br \/>\nUnser Idee ist es,\u00a0unser Hobby und deren Technik weiter zu f\u00f6rdern.<br \/>\nDas Oldenburger Relais DB0UO (70cm)\u00a0und das D-Star Relais DB0OL\u00a0sind bereits vorhanden.\u00a0Ein Ausbau des Relais DB0OO ist geplant (2 Meter: C4FM) und soll bis Ende 2015 in Betrieb genommen werden. Der gigitaler Ausbau ist dann f\u00fcr 2016 geplant.<br \/>\nCF4FM kann Digital als auch Analog verwendet werden und somit ist es uns\u00a0wichtig\u00a0mit dieser Technik auch\u00a0die anzusprechen, die noch\u00a0analoge Funkger\u00e4te besitzen, weiterhin\u00a0weitere Funkamateure f\u00fcr unser Hobby zu gewinnen,\u00a0und auch die Jugend zu begeistern.<\/p>\n<hr \/>\n<p><b>September 2015:<\/b><\/p>\n<p>Auf dem OV Abend I-11 verabschiedeten die Mitglieder\u00a0ohne Gegenstimmen den Aufbau der Digital Betriebsart C4FM. Die Vorteile sowie die Nachteile dieser Betriebsart wurde ausf\u00fchrlich mit Klaus DF7BW besprochen.<br \/>\nIm ersten Stepp wurde beschlossen das Relais folgenderma\u00dfen zu betreiben: Sendeseitig: Digital und Analog. (beide Modulationsarten sind m\u00f6glich)<br \/>\nEmpfangsseitig: nur Analog m\u00f6glich. (kein Digitalempfang)<br \/>\n<b>Jeder kann \u00fcber das Relais arbeiten.<\/b><br \/>\nIm zweiten Schritt 2016 ist dann der weitere Ausbau als Analog und Digitales Relais mit weiteren Anbindungen geplant.<br \/>\nGekauft wurde nun ein C4FM Relais von Yaesu, dass seit 11. September 2015 ON AIR ist.<\/p>\n<hr \/>\n<p><b>Erste Probleme Dezember 2015<\/b><br \/>\n\u00dcberreichweiten lie\u00dfen das Relais immer wieder \u00f6ffnen und einen Dauertr\u00e4ger senden. Die\u00a0Rauschsperre wurde geringf\u00fcgig angehoben.<br \/>\nDurch\u00a0einen\u00a0Umbau\u00a0gab es Probleme. Ein prasseln\u00a0auf dem Relais erzeugt von der\u00a0Antenne oder der Zuleitung machte ein\u00a0QSO nur noch mit C4FM m\u00f6glich.<br \/>\nErst dachte man es liegt am Relais und der C4FM Technik. Aber es stellte sich schnell heraus, das der Fehler woanders zu suchen ist. Das Relais arbeitet ohne Probleme.<\/p>\n<hr \/>\n<p><b>2016:<\/b><br \/>\nDas Interesse an C4FM w\u00e4chst. In Leer arbeitet ein C4FM Relais und in Wittmund entsteht ein weiteres. Anfang Januar gibt es 24 C4FM User die diese Betriebsart verfolgen.<br \/>\n<b>Februar:<\/b><br \/>\nThemenabend beim OV-I11 \u00fcber &#8222;Digitale Betriebsarten&#8220; D-Star und C4FM sollen weiter Zusammenwachsen.<br \/>\n<b>Mai:<\/b><br \/>\nLeider wurde das 2m \/ 70cm Relais auf dem Warnbecker Turm abgeschaltet. Vertragliche Probleme zwangen die Betreiber zum Abbau des Relais. Ob das Relais von den Verantwortlichen wieder aufgebaut wird ist z.Zeit noch unklar.<br \/>\nEs wird jetzt ein neuer Standort f\u00fcr ein 2m und 70cm Relais in Oldenburger Relais gesucht.<br \/>\nDie Technik f\u00fcr die Relais sind bereits vorhanden.<\/p>\n<hr \/>\n<p><b>Wires-X Einstieg in Oldenburg<\/b><br \/>\nSeit dem 1. Mai ist eine Gateway Einstieg im Wires-x Modus (C4FM) in Oldenburg m\u00f6glich.<br \/>\nDO0OLG<br \/>\n438.125 MHZ Simplex (rein Digital in C4FM)<br \/>\n<b>Multimode Relais<\/b><br \/>\nDas Oldenburger C4FM Relais DO0OLG ist seit dem 23.08.2016 mit neuer Frequenzzuteilung im Duplex Verfahren QRV.<br \/>\nKanal: RU658<br \/>\nTX-Frequenz von OLG: 438.225 MHZ<br \/>\nRX-Frequenz von OLG: 430.625 MHZ<br \/>\nAblage: -7,6 MHZ<br \/>\nBandbreite: 12,5 khz<\/p>\n<hr \/>\n<p><b>15.09.2016<\/b><br \/>\nDas Relais wurde mit dem DR-1 ausgestattet und l\u00e4uft nun als reiner C4FM Repeater. (HF + WiresX)<\/p>\n<hr \/>\n<p><b>02.10.2017<\/b><br \/>\n<b>DB0KRM<\/b><\/p>\n<p>DB0KRM steht f\u00fcr ein C4FM\/Wires-S Relais im Herzen Ostfriesland!<br \/>\nStandort: Krummh\u00f6rn \/ Pewsum<\/p>\n<p>Dieses Relais deckt die ganze Krummh\u00f6rn sowie Emden bis Norden in Ostfriesland ab.<br \/>\nEs ist dauerhaft mit dem Wires-X Raum, dem \u201eNord-Ostsee-Link\u201c (DO0OLG) verbunden.<\/p>\n<hr \/>\n<p><b>DB0OLB<\/b><\/p>\n<p>DB0OLB steht f\u00fcr einen C4FM \u201e2meter Einstieg\u201c auf 144,825 MHZ Simplex und dient als Unterst\u00fctzung f\u00fcr den Nord-Ostsee-Link.<\/p>\n<p>Standort: Oldenburg Nadorst<\/p>\n<p>Dieser Einstieg ist dauerhaft mit dem Wires-X Raum dem \u201eNord-Ostsee-Link\u201c (DO0OLG) verbunden.<\/p>\n<hr \/>\n<p><b>DO0OLG 08.09.2018 wurde abgeschaltet.<\/b><\/p>\n<p>OV Entscheidungen haben uns dazu gezwungen das C4FM Relais abzubauen. Goerg wird das Projekt in Eigenregie weiter f\u00fchren. Danke Georg f\u00fcr den Einsatz rund um das Relais.<\/p>\n<hr \/>\n<p><b>Oktober 2018<\/b><br \/>\n<b>DB0OLD<\/b><\/p>\n<p>Oldenburg bekommt ein C4FM Stadt-Relais. Start: Ende Oktober 2018.\u00a0Im Aufbau befinden sich unsere Yaesu DR-1XE Relais. DB0OLD steht f\u00fcr ein C4FM\/Wires-X Relais in der Innenstadt von Oldenburg! Diese Relais decken ganz Oldenburg ab.<\/p>\n<hr \/>\n<p><strong>GANZ WICHTIG !<\/strong><\/p>\n<ul>\n<li>Unbedingt vorher die DX Taste dr\u00fccken und auf den connect warten, damit alles \u00fcbertragen wird.<\/li>\n<li>Die PTT f\u00fcr mind. 1 sec. am Anfang und vor Ende der Aussendung l\u00e4nger gedr\u00fcckt halten als gesprochen wird.<\/li>\n<li>Bei Mikrofon\u00fcbergabe ca. 3-5 sec. warten bevor der QSO-Partner die PTT bet\u00e4tigt<\/li>\n<li>Mit der Mikrofon\u00fcbergabe den QSO-Partner benennen, der das QSO weiterf\u00fchren soll<\/li>\n<li>Ein Zwischenruf in den QSO-Pausen am besten nur mit kurzem Druck auf die PTT signalisieren.<\/li>\n<li>Das Rufzeichen wird dadurch ins System \u00fcbertagen und f\u00fcr die QSO-Teilnehmer sichtbar.<\/li>\n<\/ul>\n<hr \/>\n<p><sup>Anmerken m\u00f6chten wir noch, dass wir nicht der Betreiber des analogen Relais DB0OL auf dem Agravis Getreide-Silo sind, dieses wird vom DARC Ortsverband I-51 Petersdorf betrieben.<\/sup><\/p>\n<hr noshade>\n<p><b>Wir w\u00fcnschen allen Interessierten viel Spa\u00df\u00a0mit\u00a0dieser Betriebsart und stehen gern mit Rat und Tat zur Seite.<\/b><\/p>\n<p>DL9BCO<br \/>\nRelais-Verantwortlicher<\/p>\n","protected":false},"excerpt":{"rendered":"<p>DB0OLD steht f\u00fcr analoge und digitale (C4FM) Relais in Oldenburg ! Ein kurzer \u00dcberblick zur Geschichte Im September 2015 gr\u00fcndet DL9BCO (Thorsten) und DO4BR (Rainer) das Arbeitsprojekt C4FM (Digitaler Betriebsart) im OV I-11\u00a0Oldenburg. Unser Idee ist es,\u00a0unser Hobby und deren Technik weiter zu f\u00f6rdern. Das Oldenburger Relais DB0UO (70cm)\u00a0und das D-Star Relais DB0OL\u00a0sind bereits vorhanden.\u00a0Ein &hellip; <\/p>\n<p class=\"link-more\"><a href=\"https:\/\/www.db0old.de\/cms\/\" class=\"more-link\"><span class=\"screen-reader-text\">\u201eStartseite\u201c <\/span>weiterlesen<\/a><\/p>\n","protected":false},"author":1,"featured_media":0,"parent":0,"menu_order":1,"comment_status":"closed","ping_status":"open","template":"","meta":{"ngg_post_thumbnail":0,"footnotes":""},"class_list":["post-2","page","type-page","status-publish","hentry"],"_links":{"self":[{"href":"https:\/\/www.db0old.de\/cms\/wp-json\/wp\/v2\/pages\/2","targetHints":{"allow":["GET"]}}],"collection":[{"href":"https:\/\/www.db0old.de\/cms\/wp-json\/wp\/v2\/pages"}],"about":[{"href":"https:\/\/www.db0old.de\/cms\/wp-json\/wp\/v2\/types\/page"}],"author":[{"embeddable":true,"href":"https:\/\/www.db0old.de\/cms\/wp-json\/wp\/v2\/users\/1"}],"replies":[{"embeddable":true,"href":"https:\/\/www.db0old.de\/cms\/wp-json\/wp\/v2\/comments?post=2"}],"version-history":[{"count":16,"href":"https:\/\/www.db0old.de\/cms\/wp-json\/wp\/v2\/pages\/2\/revisions"}],"predecessor-version":[{"id":253,"href":"https:\/\/www.db0old.de\/cms\/wp-json\/wp\/v2\/pages\/2\/revisions\/253"}],"wp:attachment":[{"href":"https:\/\/www.db0old.de\/cms\/wp-json\/wp\/v2\/media?parent=2"}],"curies":[{"name":"wp","href":"https:\/\/api.w.org\/{rel}","templated":true}]}}